{"id":16971,"date":"2024-11-01T16:22:32","date_gmt":"2024-11-01T20:22:32","guid":{"rendered":"https:\/\/lucenacontabilidade.com.br\/?page_id=16971"},"modified":"2024-11-06T17:08:14","modified_gmt":"2024-11-06T21:08:14","slug":"planos-2","status":"publish","type":"page","link":"https:\/\/lucenacontabilidade.com.br\/?page_id=16971","title":{"rendered":"Planos"},"content":{"rendered":"\t\t<div data-elementor-type=\"wp-page\" data-elementor-id=\"16971\" class=\"elementor elementor-16971\">\n\t\t\t\t\t\t<section class=\"elementor-section elementor-top-section elementor-element elementor-element-14a819c8 elementor-section-boxed elementor-section-height-default elementor-section-height-default parallax_section_no qode_elementor_container_no\" data-id=\"14a819c8\" data-element_type=\"section\">\n\t\t\t\t\t\t<div class=\"elementor-container elementor-column-gap-default\">\n\t\t\t\t\t<div class=\"elementor-column elementor-col-100 elementor-top-column elementor-element elementor-element-79ec7430\" data-id=\"79ec7430\" data-element_type=\"column\">\n\t\t\t<div class=\"elementor-widget-wrap elementor-element-populated\">\n\t\t\t\t\t\t<div class=\"elementor-element elementor-element-270958ce elementor-widget elementor-widget-text-editor\" data-id=\"270958ce\" data-element_type=\"widget\" data-widget_type=\"text-editor.default\">\n\t\t\t\t<div class=\"elementor-widget-container\">\n\t\t\t\t\t\t\t\t\t<p>[vc_row css_animation=&#8221;&#8221; row_type=&#8221;row&#8221; use_row_as_full_screen_section=&#8221;no&#8221; type=&#8221;full_width&#8221; angled_section=&#8221;no&#8221; text_align=&#8221;center&#8221; background_image_as_pattern=&#8221;without_pattern&#8221; z_index=&#8221;&#8221; background_image=&#8221;16539&#8243;][vc_column][vc_row_inner row_type=&#8221;row&#8221; type=&#8221;full_width&#8221; text_align=&#8221;left&#8221; css_animation=&#8221;&#8221;][vc_column_inner css=&#8221;.vc_custom_1586804746303{padding-top: 100px !important;padding-bottom: 100px !important;}&#8221;][vc_column_text]<\/p><h2 style=\"text-align: center; font-size: 30px; color: white;\">Por que o Lucena Contabilidade?<\/h2><p>[\/vc_column_text][\/vc_column_inner][\/vc_row_inner][\/vc_column][\/vc_row][vc_row css_animation=&#8221;&#8221; row_type=&#8221;row&#8221; use_row_as_full_screen_section=&#8221;no&#8221; type=&#8221;grid&#8221; angled_section=&#8221;no&#8221; text_align=&#8221;left&#8221; background_image_as_pattern=&#8221;without_pattern&#8221; z_index=&#8221;&#8221;][vc_column][vc_row_inner row_type=&#8221;row&#8221; type=&#8221;full_width&#8221; text_align=&#8221;left&#8221; css_animation=&#8221;&#8221;][vc_column_inner width=&#8221;1\/4&#8243;][vc_column_text]<img decoding=\"async\" class=\"wp-image-16075 size-full aligncenter\" src=\"https:\/\/lucenacontabilidade.com.br\/wp-content\/uploads\/2020\/02\/analise-1.png\" alt=\"\" width=\"208\" height=\"190\" \/><\/p><div class=\"wpb_text_column wpb_content_element \"><div class=\"wpb_wrapper\"><h3 style=\"text-align: center;\">AN\u00c1LISE<\/h3><\/div><\/div><div class=\"separator transparent \" style=\"text-align: center;\">\u00a0<\/div><div class=\"wpb_text_column wpb_content_element \"><div class=\"wpb_wrapper\"><p style=\"text-align: center;\">N\u00e3o somos um escrit\u00f3rio tradicional de Contabilidade. Somos seu parceiro efetivo. Por isso, iniciamos nossa parceria com uma an\u00e1lise da sua situa\u00e7\u00e3o e neg\u00f3cio.<\/p><\/div><\/div><p>[\/vc_column_text][\/vc_column_inner][vc_column_inner width=&#8221;1\/4&#8243;][vc_column_text]<img decoding=\"async\" class=\"wp-image-16076 size-full aligncenter\" src=\"https:\/\/lucenacontabilidade.com.br\/wp-content\/uploads\/2020\/02\/planejamento-1.png\" alt=\"\" width=\"207\" height=\"191\" \/><\/p><div class=\"wpb_text_column wpb_content_element \"><div class=\"wpb_wrapper\"><h3 style=\"text-align: center;\">PLANEJAMENTO<\/h3><\/div><\/div><div class=\"separator transparent \" style=\"text-align: center;\">\u00a0<\/div><div class=\"wpb_text_column wpb_content_element \"><div class=\"wpb_wrapper\"><p style=\"text-align: center;\">A partir disso, fazemos em conjunto com sua empresa um planejamento de a\u00e7\u00f5es para voc\u00ea n\u00e3o precisar se preocupar com a parte cont\u00e1bil. Al\u00e9m disso, buscamos formas de diminuir seus custos futuros.<\/p><\/div><\/div><p>[\/vc_column_text][\/vc_column_inner][vc_column_inner width=&#8221;1\/4&#8243;][vc_column_text]<img decoding=\"async\" class=\"wp-image-16077 size-full aligncenter\" src=\"https:\/\/lucenacontabilidade.com.br\/wp-content\/uploads\/2020\/02\/execu\u00e7\u00e3o-1.png\" alt=\"\" width=\"207\" height=\"191\" \/><\/p><div class=\"wpb_text_column wpb_content_element \"><div class=\"wpb_wrapper\"><h3 style=\"text-align: center;\">EXECU\u00c7\u00c3O<\/h3><\/div><\/div><div class=\"separator transparent \" style=\"text-align: center;\">\u00a0<\/div><div class=\"wpb_text_column wpb_content_element \"><div class=\"wpb_wrapper\"><p style=\"text-align: center;\">Nesse ponto, entra em atividade toda nossa equipe. S\u00e3o profissionais de \u00e1reas diferentes com habilidades e conhecimento especializado nas \u00e1reas cont\u00e1bil, societ\u00e1rio, RH e fiscal.<\/p><\/div><\/div><p>[\/vc_column_text][\/vc_column_inner][vc_column_inner width=&#8221;1\/4&#8243;][vc_column_text]<img loading=\"lazy\" decoding=\"async\" class=\"wp-image-16078 size-full aligncenter\" src=\"https:\/\/lucenacontabilidade.com.br\/wp-content\/uploads\/2020\/02\/suporte-1.png\" alt=\"\" width=\"208\" height=\"191\" \/><\/p><div class=\"wpb_text_column wpb_content_element \"><div class=\"wpb_wrapper\"><h3 style=\"text-align: center;\">SUPORTE<\/h3><\/div><\/div><div class=\"separator transparent \" style=\"text-align: center;\">\u00a0<\/div><div class=\"wpb_text_column wpb_content_element \"><div class=\"wpb_wrapper\"><p style=\"text-align: center;\">Toda d\u00favida, dificuldade ou nova necessidade da sua empresa pode ser repassado diretamente para n\u00f3s. Suporte completo, para voc\u00ea poder focar 100% no crescimento do seu neg\u00f3cio.<\/p><\/div><\/div><p>[\/vc_column_text][\/vc_column_inner][\/vc_row_inner][\/vc_column][\/vc_row][vc_row css_animation=&#8221;&#8221; row_type=&#8221;row&#8221; use_row_as_full_screen_section=&#8221;no&#8221; type=&#8221;full_width&#8221; angled_section=&#8221;no&#8221; text_align=&#8221;left&#8221; background_image_as_pattern=&#8221;without_pattern&#8221; css=&#8221;.vc_custom_1586810632049{margin-top: 40px !important;}&#8221; z_index=&#8221;&#8221;][vc_column][vc_column_text]<\/p><h2 style=\"text-align: center; font-size: 24px;\">Nossos Planos<\/h2>\t\t\t\t\t\t\t\t<\/div>\n\t\t\t\t<\/div>\n\t\t\t\t\t<\/div>\n\t\t<\/div>\n\t\t\t\t\t<\/div>\n\t\t<\/section>\n\t\t\t\t<section class=\"elementor-section elementor-top-section elementor-element elementor-element-424b7ae elementor-section-boxed elementor-section-height-default elementor-section-height-default parallax_section_no qode_elementor_container_no\" data-id=\"424b7ae\" data-element_type=\"section\">\n\t\t\t\t\t\t<div class=\"elementor-container elementor-column-gap-default\">\n\t\t\t\t\t<div class=\"elementor-column elementor-col-100 elementor-top-column elementor-element elementor-element-7a8ae48\" data-id=\"7a8ae48\" data-element_type=\"column\">\n\t\t\t<div class=\"elementor-widget-wrap elementor-element-populated\">\n\t\t\t\t\t\t<div class=\"elementor-element elementor-element-3d6adc0 elementor-arrows-position-outside elementor-widget elementor-widget-image-carousel\" data-id=\"3d6adc0\" data-element_type=\"widget\" data-settings=\"{&quot;slides_to_show&quot;:&quot;3&quot;,&quot;slides_to_scroll&quot;:&quot;1&quot;,&quot;navigation&quot;:&quot;arrows&quot;,&quot;autoplay_speed&quot;:12000,&quot;speed&quot;:1500,&quot;autoplay&quot;:&quot;yes&quot;,&quot;pause_on_hover&quot;:&quot;yes&quot;,&quot;pause_on_interaction&quot;:&quot;yes&quot;,&quot;infinite&quot;:&quot;yes&quot;}\" data-widget_type=\"image-carousel.default\">\n\t\t\t\t<div class=\"elementor-widget-container\">\n\t\t\t\t\t\t\t<div class=\"elementor-image-carousel-wrapper swiper\" role=\"region\" aria-roledescription=\"carousel\" aria-label=\"Carrossel de imagens\" dir=\"ltr\">\n\t\t\t<div class=\"elementor-image-carousel swiper-wrapper swiper-image-stretch\" aria-live=\"off\">\n\t\t\t\t\t\t\t\t<div class=\"swiper-slide\" role=\"group\" aria-roledescription=\"slide\" aria-label=\"1 de 8\"><figure class=\"swiper-slide-inner\"><img decoding=\"async\" class=\"swiper-slide-image\" src=\"https:\/\/lucenacontabilidade.com.br\/wp-content\/uploads\/2024\/11\/5000.png\" alt=\"5000\" \/><\/figure><\/div><div class=\"swiper-slide\" role=\"group\" aria-roledescription=\"slide\" aria-label=\"2 de 8\"><figure class=\"swiper-slide-inner\"><img decoding=\"async\" class=\"swiper-slide-image\" src=\"https:\/\/lucenacontabilidade.com.br\/wp-content\/uploads\/2024\/11\/b-2.png\" alt=\"b-2\" \/><\/figure><\/div><div class=\"swiper-slide\" role=\"group\" aria-roledescription=\"slide\" aria-label=\"3 de 8\"><figure class=\"swiper-slide-inner\"><img decoding=\"async\" class=\"swiper-slide-image\" src=\"https:\/\/lucenacontabilidade.com.br\/wp-content\/uploads\/2024\/11\/3-editado.png\" alt=\"3-editado\" \/><\/figure><\/div><div class=\"swiper-slide\" role=\"group\" aria-roledescription=\"slide\" aria-label=\"4 de 8\"><figure class=\"swiper-slide-inner\"><img decoding=\"async\" class=\"swiper-slide-image\" src=\"https:\/\/lucenacontabilidade.com.br\/wp-content\/uploads\/2024\/11\/b-4.png\" alt=\"b-4\" \/><\/figure><\/div><div class=\"swiper-slide\" role=\"group\" aria-roledescription=\"slide\" aria-label=\"5 de 8\"><figure class=\"swiper-slide-inner\"><img decoding=\"async\" class=\"swiper-slide-image\" src=\"https:\/\/lucenacontabilidade.com.br\/wp-content\/uploads\/2024\/11\/b-5.png\" alt=\"b-5\" \/><\/figure><\/div><div class=\"swiper-slide\" role=\"group\" aria-roledescription=\"slide\" aria-label=\"6 de 8\"><figure class=\"swiper-slide-inner\"><img decoding=\"async\" class=\"swiper-slide-image\" src=\"https:\/\/lucenacontabilidade.com.br\/wp-content\/uploads\/2024\/11\/b-6.png\" alt=\"b-6\" \/><\/figure><\/div><div class=\"swiper-slide\" role=\"group\" aria-roledescription=\"slide\" aria-label=\"7 de 8\"><figure class=\"swiper-slide-inner\"><img decoding=\"async\" class=\"swiper-slide-image\" src=\"https:\/\/lucenacontabilidade.com.br\/wp-content\/uploads\/2024\/11\/b-7.png\" alt=\"b-7\" \/><\/figure><\/div><div class=\"swiper-slide\" role=\"group\" aria-roledescription=\"slide\" aria-label=\"8 de 8\"><figure class=\"swiper-slide-inner\"><img decoding=\"async\" class=\"swiper-slide-image\" src=\"https:\/\/lucenacontabilidade.com.br\/wp-content\/uploads\/2024\/11\/b-8.png\" alt=\"b-8\" \/><\/figure><\/div>\t\t\t<\/div>\n\t\t\t\t\t\t\t\t\t\t\t\t<div class=\"elementor-swiper-button elementor-swiper-button-prev\" role=\"button\" tabindex=\"0\">\n\t\t\t\t\t\t<i aria-hidden=\"true\" class=\"eicon-chevron-left\"><\/i>\t\t\t\t\t<\/div>\n\t\t\t\t\t<div class=\"elementor-swiper-button elementor-swiper-button-next\" role=\"button\" tabindex=\"0\">\n\t\t\t\t\t\t<i aria-hidden=\"true\" class=\"eicon-chevron-right\"><\/i>\t\t\t\t\t<\/div>\n\t\t\t\t\n\t\t\t\t\t\t\t\t\t<\/div>\n\t\t\t\t\t\t<\/div>\n\t\t\t\t<\/div>\n\t\t\t\t<div class=\"elementor-element elementor-element-f606f3f elementor-align-center elementor-widget elementor-widget-button\" data-id=\"f606f3f\" data-element_type=\"widget\" data-widget_type=\"button.default\">\n\t\t\t\t<div class=\"elementor-widget-container\">\n\t\t\t\t\t\t\t\t\t<div class=\"elementor-button-wrapper\">\n\t\t\t\t\t<a class=\"elementor-button elementor-button-link elementor-size-xl elementor-animation-grow\" href=\"https:\/\/lucenacontabilidade.com.br\/contato\/\">\n\t\t\t\t\t\t<span class=\"elementor-button-content-wrapper\">\n\t\t\t\t\t\t\t\t\t<span class=\"elementor-button-text\">Contratar<\/span>\n\t\t\t\t\t<\/span>\n\t\t\t\t\t<\/a>\n\t\t\t\t<\/div>\n\t\t\t\t\t\t\t\t<\/div>\n\t\t\t\t<\/div>\n\t\t\t\t\t<\/div>\n\t\t<\/div>\n\t\t\t\t\t<\/div>\n\t\t<\/section>\n\t\t\t\t<\/div>\n\t\t","protected":false},"excerpt":{"rendered":"<p>[vc_row css_animation=&#8221;&#8221; row_type=&#8221;row&#8221; use_row_as_full_screen_section=&#8221;no&#8221; type=&#8221;full_width&#8221; angled_section=&#8221;no&#8221; text_align=&#8221;center&#8221; background_image_as_pattern=&#8221;without_pattern&#8221; z_index=&#8221;&#8221; background_image=&#8221;16539&#8243;][vc_column][vc_row_inner row_type=&#8221;row&#8221; type=&#8221;full_width&#8221; text_align=&#8221;left&#8221; css_animation=&#8221;&#8221;][vc_column_inner css=&#8221;.vc_custom_1586804746303{padding-top: 100px !important;padding-bottom: 100px !important;}&#8221;][vc_column_text] Por que o Lucena Contabilidade? [\/vc_column_text][\/vc_column_inner][\/vc_row_inner][\/vc_column][\/vc_row][vc_row css_animation=&#8221;&#8221; row_type=&#8221;row&#8221; use_row_as_full_screen_section=&#8221;no&#8221; type=&#8221;grid&#8221; angled_section=&#8221;no&#8221; text_align=&#8221;left&#8221; background_image_as_pattern=&#8221;without_pattern&#8221; z_index=&#8221;&#8221;][vc_column][vc_row_inner row_type=&#8221;row&#8221; type=&#8221;full_width&#8221; text_align=&#8221;left&#8221; css_animation=&#8221;&#8221;][vc_column_inner width=&#8221;1\/4&#8243;][vc_column_text] AN\u00c1LISE \u00a0 N\u00e3o somos um escrit\u00f3rio tradicional&#8230;<\/p>\n","protected":false},"author":8,"featured_media":0,"parent":0,"menu_order":0,"comment_status":"closed","ping_status":"closed","template":"full_width.php","meta":{"footnotes":""},"class_list":["post-16971","page","type-page","status-publish","hentry"],"_links":{"self":[{"href":"https:\/\/lucenacontabilidade.com.br\/index.php?rest_route=\/wp\/v2\/pages\/16971","targetHints":{"allow":["GET"]}}],"collection":[{"href":"https:\/\/lucenacontabilidade.com.br\/index.php?rest_route=\/wp\/v2\/pages"}],"about":[{"href":"https:\/\/lucenacontabilidade.com.br\/index.php?rest_route=\/wp\/v2\/types\/page"}],"author":[{"embeddable":true,"href":"https:\/\/lucenacontabilidade.com.br\/index.php?rest_route=\/wp\/v2\/users\/8"}],"replies":[{"embeddable":true,"href":"https:\/\/lucenacontabilidade.com.br\/index.php?rest_route=%2Fwp%2Fv2%2Fcomments&post=16971"}],"version-history":[{"count":0,"href":"https:\/\/lucenacontabilidade.com.br\/index.php?rest_route=\/wp\/v2\/pages\/16971\/revisions"}],"wp:attachment":[{"href":"https:\/\/lucenacontabilidade.com.br\/index.php?rest_route=%2Fwp%2Fv2%2Fmedia&parent=16971"}],"curies":[{"name":"wp","href":"https:\/\/api.w.org\/{rel}","templated":true}]}}