{"id":15421,"date":"2014-05-06T08:30:14","date_gmt":"2014-05-06T08:30:14","guid":{"rendered":"http:\/\/demo.qodeinteractive.com\/bridge3\/?page_id=15421"},"modified":"2025-06-06T10:36:17","modified_gmt":"2025-06-06T14:36:17","slug":"nossa-empresa","status":"publish","type":"page","link":"https:\/\/lucenacontabilidade.com.br\/?page_id=15421","title":{"rendered":"Nossa Empresa"},"content":{"rendered":"<p>[vc_row css_animation=&#8221;&#8221; row_type=&#8221;row&#8221; use_row_as_full_screen_section=&#8221;no&#8221; type=&#8221;full_width&#8221; angled_section=&#8221;no&#8221; text_align=&#8221;left&#8221; background_image_as_pattern=&#8221;without_pattern&#8221; padding_top=&#8221;87&#8243; padding_bottom=&#8221;81&#8243; z_index=&#8221;&#8221; background_image=&#8221;16164&#8243;][vc_column][vc_row_inner row_type=&#8221;row&#8221; type=&#8221;full_width&#8221; text_align=&#8221;left&#8221; css_animation=&#8221;&#8221;][vc_column_inner][\/vc_column_inner][\/vc_row_inner][vc_row_inner row_type=&#8221;row&#8221; type=&#8221;full_width&#8221; text_align=&#8221;left&#8221; css_animation=&#8221;&#8221;][vc_column_inner][vc_column_text]<\/p>\n<h1 style=\"text-align: center;\">N\u00d3S SOMOS<\/h1>\n<p>[\/vc_column_text][vc_single_image image=&#8221;31&#8243; img_size=&#8221;640X320&#8243; alignment=&#8221;center&#8221; qode_css_animation=&#8221;&#8221;][\/vc_column_inner][\/vc_row_inner][vc_row_inner row_type=&#8221;row&#8221; use_as_box=&#8221;use_row_as_box&#8221; type=&#8221;grid&#8221; text_align=&#8221;center&#8221; css_animation=&#8221;&#8221; el_class=&#8221;.nossaempresa&#8221; background_color=&#8221;rgba(108,20,89,0.5)&#8221; padding_top=&#8221;30&#8243; padding_bottom=&#8221;30&#8243;][vc_column_inner][vc_column_text]<\/p>\n<p>&nbsp;<\/p>\n<p style=\"text-align: left; color: white; font-size: 25px;\">Num mercado nacional cheio de desafios aos empres\u00e1rios, o nosso objetivo \u00e9 levar solu\u00e7\u00f5es personalizadas a cada cliente, atendendo \u00e0s suas necessidades para viabiliza\u00e7\u00e3o dos seus neg\u00f3cios e gera\u00e7\u00e3o de resultado.<\/p>\n<p>&nbsp;<\/p>\n<p style=\"text-align: left; color: white; font-size: 25px;\">Nossa equipe \u00e9 composta por profissionais qualificados, prezamos pelo ambiente saud\u00e1vel onde respeitamos as habilidades de cada colaborador. Nossa equipe participa periodicamente de treinamentos e capacita\u00e7\u00f5es para que todos evoluam pessoalmente, profissionalmente e contribua para o grupo.<\/p>\n<p>&nbsp;<\/p>\n<p style=\"text-align: left; color: white; font-size: 25px;\">S\u00f3cio fundador, hoje CEO (Chief Executive Officer) Marcelo Lucena nasceu no Estado de S\u00e3o Paulo e se apaixonou por Mato Grosso do Sul. Sua carreira, com mais de 12 anos, dividiu-se entre empres\u00e1rio cont\u00e1bil e a doc\u00eancia.<\/p>\n<p>&nbsp;<\/p>\n<p style=\"text-align: left; color: white; font-size: 25px;\">Teve inicio da sua carreira como estagi\u00e1rio de escrit\u00f3rio de contabilidade, permaneceu por cerca de 3 anos, onde transitou por todos os setores que proporcionou uma vasta experi\u00eancia, durante esse per\u00edodo atingiu o cargo de gerente.<\/p>\n<p>&nbsp;<\/p>\n<p style=\"text-align: left; color: white; font-size: 25px;\">Foi professor e coordenador por 5 anos do curso de Ci\u00eancias Cont\u00e1beis da Faculdade Est\u00e1cio de Campo Grande, onde foi condecorado por in\u00fameras vezes como professor paraninfo e professor homenageado por turmas de formandos.<\/p>\n<p>[\/vc_column_text][\/vc_column_inner][\/vc_row_inner][\/vc_column][\/vc_row][vc_row css_animation=&#8221;&#8221; row_type=&#8221;row&#8221; use_row_as_full_screen_section=&#8221;no&#8221; type=&#8221;full_width&#8221; angled_section=&#8221;no&#8221; text_align=&#8221;left&#8221; background_image_as_pattern=&#8221;without_pattern&#8221; z_index=&#8221;&#8221; padding_top=&#8221;30&#8243; css=&#8221;.vc_custom_1587132195128{margin-top: 50px !important;}&#8221;][vc_column][vc_column_text css=&#8221;.vc_custom_1587132343607{margin-bottom: 50px !important;}&#8221;]<\/p>\n<h1 style=\"text-align: center;\">NOSSO TIME<\/h1>\n<p>[\/vc_column_text][vc_row_inner row_type=&#8221;row&#8221; type=&#8221;grid&#8221; text_align=&#8221;left&#8221; css_animation=&#8221;&#8221;][vc_column_inner width=&#8221;1\/3&#8243;]<div class='q_team info_on_hover'  style='background-color:#f8f8f8;'><div class='q_team_inner'><div class='q_team_image'><img itemprop='image' src='https:\/\/lucenacontabilidade.com.br\/wp-content\/uploads\/2020\/04\/Marcelo-Lucena.png' alt='Marcelo Lucena' \/><div class='q_team_text' style= ''><div class='q_team_text_holder'><div class='q_team_text_holder_inner'><div class='q_team_text_inner'><div class='q_team_title_holder'><h3 class='q_team_name' style = ''><\/h3><span style = ''>Fundador, graduado em Ci\u00eancias Cont\u00e1beis (2008), p\u00f3s-graduado em Gest\u00e3o Tribut\u00e1ria e Controladoria (2010), p\u00f3s-graduado em Direito Tribut\u00e1rio (2013) e graduando em Direito (2020). Contador respons\u00e1vel t\u00e9cnico.<\/span><\/div><\/div><div class='q_team_social_holder'><\/div><\/div><\/div><\/div><\/div><\/div><div class='q_team_description_wrapper' ><div class='q_team_description'><div class='q_team_description_inner'><p><\/p>\n<h3>Marcelo Lucena<\/h3>\n<p>Contador<\/p><\/div><\/div><\/div><\/div>[\/vc_column_inner][vc_column_inner width=&#8221;1\/3&#8243;]<div class='q_team info_on_hover'  style='background-color:#f8f8f8;'><div class='q_team_inner'><div class='q_team_image'><img itemprop='image' src='https:\/\/lucenacontabilidade.com.br\/wp-content\/uploads\/2020\/04\/Graziela.png' alt='Graziela' \/><div class='q_team_text' style= ''><div class='q_team_text_holder'><div class='q_team_text_holder_inner'><div class='q_team_text_inner'><div class='q_team_title_holder'><h3 class='q_team_name' style = ''><\/h3><span style = ''>Graduada em Ci\u00eancias Cont\u00e1beis (2019), respons\u00e1vel pela gest\u00e3o Cont\u00e1bil e Agente de Registro de Certificado Digital.<\/span><\/div><\/div><div class='q_team_social_holder'><\/div><\/div><\/div><\/div><\/div><\/div><div class='q_team_description_wrapper' ><div class='q_team_description'><div class='q_team_description_inner'><p><\/p>\n<h3>Graziela Lucena<\/h3>\n<p>Certificado Digital<\/p><\/div><\/div><\/div><\/div>[\/vc_column_inner][vc_column_inner width=&#8221;1\/3&#8243;]<div class='q_team info_on_hover'  style='background-color:#f8f8f8;'><div class='q_team_inner'><div class='q_team_image'><img itemprop='image' src='https:\/\/lucenacontabilidade.com.br\/wp-content\/uploads\/2020\/04\/L\u00e9ia.png' alt='L\u00e9ia' \/><div class='q_team_text' style= ''><div class='q_team_text_holder'><div class='q_team_text_holder_inner'><div class='q_team_text_inner'><div class='q_team_title_holder'><h3 class='q_team_name' style = ''><\/h3><span style = ''>Graduada em Ci\u00eancias Cont\u00e1beis (2018), respons\u00e1vel pela gest\u00e3o do Departamento Pessoal.<\/span><\/div><\/div><div class='q_team_social_holder'><\/div><\/div><\/div><\/div><\/div><\/div><div class='q_team_description_wrapper' ><div class='q_team_description'><div class='q_team_description_inner'><p><\/p>\n<h3>LEIA BARBOSA<\/h3>\n<p>Departamento Pessoal<\/p><\/div><\/div><\/div><\/div>[\/vc_column_inner][\/vc_row_inner][\/vc_column][\/vc_row][vc_row css_animation=&#8221;&#8221; row_type=&#8221;row&#8221; use_row_as_full_screen_section=&#8221;no&#8221; type=&#8221;grid&#8221; angled_section=&#8221;no&#8221; text_align=&#8221;left&#8221; background_image_as_pattern=&#8221;without_pattern&#8221; z_index=&#8221;&#8221; border_color=&#8221;#939393&#8243; css=&#8221;.vc_custom_1749220588319{margin-top: 40px !important;margin-bottom: 40px !important;}&#8221;][vc_column][vc_column_text]<\/p>\n<h1 style=\"text-align: center;\">Parceiros<\/h1>\n<p>[\/vc_column_text][vc_separator type=&#8221;small&#8221; position=&#8221;center&#8221; color=&#8221;#ffffff&#8221;]<div class='qode_carousels_holder clearfix'><div class='qode_carousels' data-number-of-visible-items=''><ul class='slides'><li class='item'><div class=\"carousel_item_holder\"><a itemprop='url' href='http:\/\/toldosbrasilms.com.br\/' target='_self'><span class='first_image_holder '><img decoding=\"async\" itemprop=\"image\" src=\"https:\/\/lucenacontabilidade.com.br\/wp-content\/uploads\/2020\/04\/Toldos_Brasil.png\" alt=\"carousel image\" \/><\/span><\/a><\/div><\/li><li class='item'><div class=\"carousel_item_holder\"><a itemprop='url' href='https:\/\/rxtecnologia.com.br\/' target='_self'><span class='first_image_holder '><img decoding=\"async\" itemprop=\"image\" src=\"https:\/\/lucenacontabilidade.com.br\/wp-content\/uploads\/2020\/04\/LOGO_RXNOVA.png\" alt=\"carousel image\" \/><\/span><\/a><\/div><\/li><li class='item'><div class=\"carousel_item_holder\"><a itemprop='url' href='http:\/\/hotelbellagio.com.br\/' target='_self'><span class='first_image_holder '><img decoding=\"async\" itemprop=\"image\" src=\"https:\/\/lucenacontabilidade.com.br\/wp-content\/uploads\/2020\/04\/HOTEL-BELLAGIO-cp-e1588187901504.jpeg\" alt=\"carousel image\" \/><\/span><\/a><\/div><\/li><li class='item'><div class=\"carousel_item_holder\"><a itemprop='url' href='https:\/\/www.google.com\/maps\/dir\/-20.476485,-54.6204637\/max+pe%C3%A7as+campo+grande+ms\/@-20.4763909,-54.621987,17z\/data=!3m1!4b1!4m9!4m8!1m1!4e1!1m5!1m1!1s0x9486e7f0cd3b8839:0xe379eaead8e9bd4!2m2!1d-54.6192908!2d-20.4761196' target='_self'><span class='first_image_holder '><img decoding=\"async\" itemprop=\"image\" src=\"https:\/\/lucenacontabilidade.com.br\/wp-content\/uploads\/2020\/04\/MAX-AUTO-PE\u00c7A-cp-e1588015216129.png\" alt=\"carousel image\" \/><\/span><\/a><\/div><\/li><li class='item'><div class=\"carousel_item_holder\"><span class='first_image_holder '><img decoding=\"async\" itemprop=\"image\" src=\"https:\/\/lucenacontabilidade.com.br\/wp-content\/uploads\/2020\/04\/MG9-seguros-cp.png\" alt=\"carousel image\" \/><\/span><\/div><\/li><li class='item'><div class=\"carousel_item_holder\"><a itemprop='url' href='http:\/\/sanstar.com.br\/home\/' target='_self'><span class='first_image_holder '><img decoding=\"async\" itemprop=\"image\" src=\"https:\/\/lucenacontabilidade.com.br\/wp-content\/uploads\/2020\/04\/SAN-STAR-DISTRIBUIDORA-cp.jpeg\" alt=\"carousel image\" \/><\/span><\/a><\/div><\/li><li class='item'><div class=\"carousel_item_holder\"><span class='first_image_holder '><img decoding=\"async\" itemprop=\"image\" src=\"https:\/\/lucenacontabilidade.com.br\/wp-content\/uploads\/2020\/04\/marcio.png\" alt=\"carousel image\" \/><\/span><\/div><\/li><li class='item'><div class=\"carousel_item_holder\"><span class='first_image_holder '><img decoding=\"async\" itemprop=\"image\" src=\"https:\/\/lucenacontabilidade.com.br\/wp-content\/uploads\/2020\/04\/Dr.Jan_.png\" alt=\"carousel image\" \/><\/span><\/div><\/li><li class='item'><div class=\"carousel_item_holder\"><span class='first_image_holder '><img decoding=\"async\" itemprop=\"image\" src=\"https:\/\/lucenacontabilidade.com.br\/wp-content\/uploads\/2020\/04\/Dra-Simone.png\" alt=\"carousel image\" \/><\/span><\/div><\/li><li class='item'><div class=\"carousel_item_holder\"><span class='first_image_holder '><img decoding=\"async\" itemprop=\"image\" src=\"https:\/\/lucenacontabilidade.com.br\/wp-content\/uploads\/2020\/07\/Logo-Audire-png.png\" alt=\"carousel image\" \/><\/span><\/div><\/li><li class='item'><div class=\"carousel_item_holder\"><span class='first_image_holder '><img decoding=\"async\" itemprop=\"image\" src=\"https:\/\/lucenacontabilidade.com.br\/wp-content\/uploads\/2022\/05\/WhatsApp-Image-2022-05-04-at-19.48.23.jpeg\" alt=\"carousel image\" \/><\/span><\/div><\/li><li class='item'><div class=\"carousel_item_holder\"><span class='first_image_holder '><img decoding=\"async\" itemprop=\"image\" src=\"https:\/\/lucenacontabilidade.com.br\/wp-content\/uploads\/2020\/10\/loopstore-final.jpg\" alt=\"carousel image\" \/><\/span><\/div><\/li><li class='item'><div class=\"carousel_item_holder\"><span class='first_image_holder '><img decoding=\"async\" itemprop=\"image\" src=\"https:\/\/lucenacontabilidade.com.br\/wp-content\/uploads\/2020\/10\/sofi-baby-store.jpg\" alt=\"carousel image\" \/><\/span><\/div><\/li><li class='item'><div class=\"carousel_item_holder\"><a itemprop='url' href='http:\/\/escritorionaves.com\/index.php' target='_self'><span class='first_image_holder '><img decoding=\"async\" itemprop=\"image\" src=\"https:\/\/lucenacontabilidade.com.br\/wp-content\/uploads\/2020\/11\/logo-naves.png\" alt=\"carousel image\" \/><\/span><\/a><\/div><\/li><li class='item'><div class=\"carousel_item_holder\"><a itemprop='url' href='https:\/\/studiotriart.com.br\/' target='_self'><span class='first_image_holder '><img decoding=\"async\" itemprop=\"image\" src=\"https:\/\/lucenacontabilidade.com.br\/wp-content\/uploads\/2021\/07\/Logo-Triart.png\" alt=\"carousel image\" \/><\/span><\/a><\/div><\/li><li class='item'><div class=\"carousel_item_holder\"><a itemprop='url' href='https:\/\/www.estudioconstruir.com.br ' target='_self'><span class='first_image_holder '><img decoding=\"async\" itemprop=\"image\" src=\"https:\/\/lucenacontabilidade.com.br\/wp-content\/uploads\/2022\/05\/untitled-1.png\" alt=\"carousel image\" \/><\/span><\/a><\/div><\/li><li class='item'><div class=\"carousel_item_holder\"><span class='first_image_holder '><img decoding=\"async\" itemprop=\"image\" src=\"https:\/\/lucenacontabilidade.com.br\/wp-content\/uploads\/2023\/01\/WhatsApp-Image-2023-01-10-at-11.35.04.jpeg\" alt=\"carousel image\" \/><\/span><\/div><\/li><li class='item'><div class=\"carousel_item_holder\"><a itemprop='url' href='https:\/\/instagram.com\/clinicasuperamais?igshid=MzRlODBiNWFlZA==' target='_self'><span class='first_image_holder '><img decoding=\"async\" itemprop=\"image\" src=\"https:\/\/lucenacontabilidade.com.br\/wp-content\/uploads\/2023\/06\/LUCENAA.png\" alt=\"carousel image\" \/><\/span><\/a><\/div><\/li><li class='item'><div class=\"carousel_item_holder\"><a itemprop='url' href='https:\/\/www.sahib.adv.br\/' target='_self'><span class='first_image_holder '><img decoding=\"async\" itemprop=\"image\" src=\"https:\/\/lucenacontabilidade.com.br\/wp-content\/uploads\/2023\/06\/LUCENAA.jpeg\" alt=\"carousel image\" \/><\/span><\/a><\/div><\/li><li class='item'><div class=\"carousel_item_holder\"><span class='first_image_holder '><img decoding=\"async\" itemprop=\"image\" src=\"https:\/\/lucenacontabilidade.com.br\/wp-content\/uploads\/2024\/02\/2.png\" alt=\"carousel image\" \/><\/span><\/div><\/li><li class='item'><div class=\"carousel_item_holder\"><span class='first_image_holder '><img decoding=\"async\" itemprop=\"image\" src=\"https:\/\/lucenacontabilidade.com.br\/wp-content\/uploads\/2024\/02\/6.png\" alt=\"carousel image\" \/><\/span><\/div><\/li><li class='item'><div class=\"carousel_item_holder\"><span class='first_image_holder '><img decoding=\"async\" itemprop=\"image\" src=\"https:\/\/lucenacontabilidade.com.br\/wp-content\/uploads\/2024\/02\/Adriana-Dourado-new.png\" alt=\"carousel image\" \/><\/span><\/div><\/li><li class='item'><div class=\"carousel_item_holder\"><span class='first_image_holder '><img decoding=\"async\" itemprop=\"image\" src=\"https:\/\/lucenacontabilidade.com.br\/wp-content\/uploads\/2024\/02\/Camila-Marques.jpeg\" alt=\"carousel image\" \/><\/span><\/div><\/li><li class='item'><div class=\"carousel_item_holder\"><span class='first_image_holder '><img decoding=\"async\" itemprop=\"image\" src=\"https:\/\/lucenacontabilidade.com.br\/wp-content\/uploads\/2024\/02\/4.png\" alt=\"carousel image\" \/><\/span><\/div><\/li><li class='item'><div class=\"carousel_item_holder\"><span class='first_image_holder '><img decoding=\"async\" itemprop=\"image\" src=\"https:\/\/lucenacontabilidade.com.br\/wp-content\/uploads\/2024\/02\/5.png\" alt=\"carousel image\" \/><\/span><\/div><\/li><li class='item'><div class=\"carousel_item_holder\"><span class='first_image_holder '><img decoding=\"async\" itemprop=\"image\" src=\"https:\/\/lucenacontabilidade.com.br\/wp-content\/uploads\/2024\/02\/7.png\" alt=\"carousel image\" \/><\/span><\/div><\/li><\/ul><\/div><\/div>[\/vc_column][\/vc_row]<\/p>\n","protected":false},"excerpt":{"rendered":"<p>[vc_row css_animation=&#8221;&#8221; row_type=&#8221;row&#8221; use_row_as_full_screen_section=&#8221;no&#8221; type=&#8221;full_width&#8221; angled_section=&#8221;no&#8221; text_align=&#8221;left&#8221; background_image_as_pattern=&#8221;without_pattern&#8221; padding_top=&#8221;87&#8243; padding_bottom=&#8221;81&#8243; z_index=&#8221;&#8221; background_image=&#8221;16164&#8243;][vc_column][vc_row_inner row_type=&#8221;row&#8221; type=&#8221;full_width&#8221; text_align=&#8221;left&#8221; css_animation=&#8221;&#8221;][vc_column_inner][\/vc_column_inner][\/vc_row_inner][vc_row_inner row_type=&#8221;row&#8221; type=&#8221;full_width&#8221; text_align=&#8221;left&#8221; css_animation=&#8221;&#8221;][vc_column_inner][vc_column_text] N\u00d3S SOMOS [\/vc_column_text][vc_single_image image=&#8221;31&#8243; img_size=&#8221;640X320&#8243; alignment=&#8221;center&#8221; qode_css_animation=&#8221;&#8221;][\/vc_column_inner][\/vc_row_inner][vc_row_inner row_type=&#8221;row&#8221; use_as_box=&#8221;use_row_as_box&#8221; type=&#8221;grid&#8221; text_align=&#8221;center&#8221; css_animation=&#8221;&#8221; el_class=&#8221;.nossaempresa&#8221; background_color=&#8221;rgba(108,20,89,0.5)&#8221; padding_top=&#8221;30&#8243; padding_bottom=&#8221;30&#8243;][vc_column_inner][vc_column_text] &nbsp; Num mercado nacional cheio de desafios aos empres\u00e1rios,&#8230;<\/p>\n","protected":false},"author":1,"featured_media":0,"parent":0,"menu_order":0,"comment_status":"open","ping_status":"open","template":"full_width.php","meta":{"footnotes":""},"class_list":["post-15421","page","type-page","status-publish","hentry"],"_links":{"self":[{"href":"https:\/\/lucenacontabilidade.com.br\/index.php?rest_route=\/wp\/v2\/pages\/15421","targetHints":{"allow":["GET"]}}],"collection":[{"href":"https:\/\/lucenacontabilidade.com.br\/index.php?rest_route=\/wp\/v2\/pages"}],"about":[{"href":"https:\/\/lucenacontabilidade.com.br\/index.php?rest_route=\/wp\/v2\/types\/page"}],"author":[{"embeddable":true,"href":"https:\/\/lucenacontabilidade.com.br\/index.php?rest_route=\/wp\/v2\/users\/1"}],"replies":[{"embeddable":true,"href":"https:\/\/lucenacontabilidade.com.br\/index.php?rest_route=%2Fwp%2Fv2%2Fcomments&post=15421"}],"version-history":[{"count":0,"href":"https:\/\/lucenacontabilidade.com.br\/index.php?rest_route=\/wp\/v2\/pages\/15421\/revisions"}],"wp:attachment":[{"href":"https:\/\/lucenacontabilidade.com.br\/index.php?rest_route=%2Fwp%2Fv2%2Fmedia&parent=15421"}],"curies":[{"name":"wp","href":"https:\/\/api.w.org\/{rel}","templated":true}]}}