{"id":10,"date":"2020-01-21T20:42:48","date_gmt":"2020-01-21T20:42:48","guid":{"rendered":"https:\/\/lucenacontabilidade.com.br\/?page_id=10"},"modified":"2024-06-04T17:35:17","modified_gmt":"2024-06-04T21:35:17","slug":"contato","status":"publish","type":"page","link":"https:\/\/lucenacontabilidade.com.br\/?page_id=10","title":{"rendered":"Contato"},"content":{"rendered":"<p>[vc_row css_animation=&#8221;&#8221; row_type=&#8221;row&#8221; use_row_as_full_screen_section=&#8221;no&#8221; type=&#8221;full_width&#8221; angled_section=&#8221;no&#8221; text_align=&#8221;left&#8221; background_image_as_pattern=&#8221;without_pattern&#8221;][vc_column][vc_column_text css=&#8221;.vc_custom_1583757337033{margin-bottom: 30px !important;}&#8221;]<\/p>\n<h1 style=\"text-align: left; border-left-style: 2px solid #5d1b58;\">Contato<\/h1>\n<p>[\/vc_column_text][\/vc_column][\/vc_row][vc_row css_animation=&#8221;&#8221; row_type=&#8221;row&#8221; use_row_as_full_screen_section=&#8221;no&#8221; type=&#8221;grid&#8221; angled_section=&#8221;no&#8221; text_align=&#8221;left&#8221; background_image_as_pattern=&#8221;without_pattern&#8221; z_index=&#8221;&#8221; background_color=&#8221;#e0e0e0&#8243; padding_top=&#8221;15&#8243; padding_bottom=&#8221;15&#8243; el_class=&#8221;.contat&#8221; css=&#8221;.vc_custom_1586801741410{margin-bottom: 5px !important;}&#8221;][vc_column width=&#8221;1\/2&#8243;][vc_column_text]<\/p>\n<h3>Preencha o formul\u00e1rio abaixo:<\/h3>\n<p>(Campos com * s\u00e3o obrigat\u00f3rios)<\/p>\n<p>[\/vc_column_text]\n<div class=\"wpcf7 no-js\" id=\"wpcf7-f16245-o1\" lang=\"pt-BR\" dir=\"ltr\" data-wpcf7-id=\"16245\">\n<div class=\"screen-reader-response\"><p role=\"status\" aria-live=\"polite\" aria-atomic=\"true\"><\/p> <ul><\/ul><\/div>\n<form action=\"\/index.php?rest_route=%2Fwp%2Fv2%2Fpages%2F10#wpcf7-f16245-o1\" method=\"post\" class=\"wpcf7-form init cf7_custom_style_3\" aria-label=\"Formul\u00e1rios de contato\" novalidate=\"novalidate\" data-status=\"init\">\n<div style=\"display: none;\">\n<input type=\"hidden\" name=\"_wpcf7\" value=\"16245\" \/>\n<input type=\"hidden\" name=\"_wpcf7_version\" value=\"6.0.5\" \/>\n<input type=\"hidden\" name=\"_wpcf7_locale\" value=\"pt_BR\" \/>\n<input type=\"hidden\" name=\"_wpcf7_unit_tag\" value=\"wpcf7-f16245-o1\" \/>\n<input type=\"hidden\" name=\"_wpcf7_container_post\" value=\"0\" \/>\n<input type=\"hidden\" name=\"_wpcf7_posted_data_hash\" value=\"\" \/>\n<\/div>\n<p><label class=\"contact\"> <span class=\"wpcf7-form-control-wrap\" data-name=\"cname\"><input size=\"40\" maxlength=\"400\" class=\"wpcf7-form-control wpcf7-text wpcf7-validates-as-required\" aria-required=\"true\" aria-invalid=\"false\" placeholder=\"Nome*\" value=\"\" type=\"text\" name=\"cname\" \/><\/span> <\/label>\n<\/p>\n<p><label class=\"contact\"> <span class=\"wpcf7-form-control-wrap\" data-name=\"cemail\"><input size=\"40\" maxlength=\"400\" class=\"wpcf7-form-control wpcf7-email wpcf7-validates-as-required wpcf7-text wpcf7-validates-as-email\" aria-required=\"true\" aria-invalid=\"false\" placeholder=\"E-mail*\" value=\"\" type=\"email\" name=\"cemail\" \/><\/span> <\/label>\n<\/p>\n<div class=\"numeros\">\n\t<p><label class=\"contact\"><span class=\"wpcf7-form-control-wrap\" data-name=\"ctel\"><input size=\"40\" maxlength=\"400\" class=\"wpcf7-form-control wpcf7-tel wpcf7-text wpcf7-validates-as-tel\" aria-invalid=\"false\" placeholder=\"Telefone\" value=\"\" type=\"tel\" name=\"ctel\" \/><\/span> <\/label>\n\t<\/p>\n\t<p><label class=\"contact\"><span class=\"wpcf7-form-control-wrap\" data-name=\"ccel\"><input size=\"40\" maxlength=\"400\" class=\"wpcf7-form-control wpcf7-tel wpcf7-text wpcf7-validates-as-tel\" aria-invalid=\"false\" placeholder=\"Celular\" value=\"\" type=\"tel\" name=\"ccel\" \/><\/span> <\/label>\n\t<\/p>\n<\/div>\n<p><label class=\"contact\"> <span class=\"wpcf7-form-control-wrap\" data-name=\"cassunto\"><input size=\"40\" maxlength=\"400\" class=\"wpcf7-form-control wpcf7-text wpcf7-validates-as-required\" aria-required=\"true\" aria-invalid=\"false\" placeholder=\"Assunto\" value=\"\" type=\"text\" name=\"cassunto\" \/><\/span> <\/label>\n<\/p>\n<p><label class=\"contact\"> <span class=\"wpcf7-form-control-wrap\" data-name=\"cmessage\"><textarea cols=\"40\" rows=\"10\" maxlength=\"2000\" class=\"wpcf7-form-control wpcf7-textarea wpcf7-validates-as-required\" aria-required=\"true\" aria-invalid=\"false\" placeholder=\"Sua mensagem\" name=\"cmessage\"><\/textarea><\/span> <\/label>\n<\/p>\n<p><input class=\"wpcf7-form-control wpcf7-submit has-spinner\" type=\"submit\" value=\"Enviar\" \/>\n<\/p><div class=\"wpcf7-response-output\" aria-hidden=\"true\"><\/div>\n<\/form>\n<\/div>\n[\/vc_column][vc_column width=&#8221;1\/2&#8243;][vc_column_text css=&#8221;.vc_custom_1583761620084{margin-bottom: 15px !important;}&#8221;]<\/p>\n<h3>Se preferir, entre em contato:<\/h3>\n<p>[\/vc_column_text][vc_column_text css=&#8221;.vc_custom_1717536916181{margin-bottom: 20px !important;}&#8221;]<a href=\"tel:6732114921\">(67) 3211-4921<\/a><\/p>\n<p><a href=\"mailto:marcelo@lucenacontabilidade.com.br\">marcelo@lucenacontabilidade.com.br<\/a>[\/vc_column_text][vc_column_text css=&#8221;.vc_custom_1583761677372{margin-bottom: 15px !important;}&#8221;]<\/p>\n<h3>Ou venha nos visitar:<\/h3>\n<p>Avenida Afonso Pena, 3504 \u2013 10\u00ba Andar, Sala 101, Edif\u00edcio Empire Center[\/vc_column_text][vc_gmaps link=&#8221;#E-8_JTNDaWZyYW1lJTIwc3JjJTNEJTIyaHR0cHMlM0ElMkYlMkZ3d3cuZ29vZ2xlLmNvbSUyRm1hcHMlMkZlbWJlZCUzRnBiJTNEJTIxMW0xNiUyMTFtMTIlMjExbTMlMjExZDIzMy42Mjk3Nzc5ODA3MDY4OCUyMTJkLTU0LjYwMzEzODUxNDU3OTIlMjEzZC0yMC40NjIwNTMwNTY4ODE4NjclMjEybTMlMjExZjAlMjEyZjAlMjEzZjAlMjEzbTIlMjExaTEwMjQlMjEyaTc2OCUyMTRmMTMuMSUyMTJtMSUyMTFzQXZlbmlkYSUyNTIwQWZvbnNvJTI1MjBQZW5hJTI1MkMlMjUyMDM1MDQlMjUyMCUyNUUyJTI1ODAlMjU5MyUyNTIwMTAlMjVDMiUyNUJBJTI1MjBBbmRhciUyNTJDJTI1MjBTYWxhJTI1MjAxMDElMjUyQyUyNTIwRWRpZiUyNUMzJTI1QURjaW8lMjUyMEVtcGlyZSUyNTIwQ2VudGVyJTI1MkMlMjUyMENlbnRybyUyNTIwQ2FtcG8lMjUyMEdyYW5kZSUyNTJGTVMlMjUyMCUyNUUyJTI1ODAlMjU5MyUyNTIwQ0VQJTI1M0ElMjUyMDc5MDAyLTA3NSUyMTVlMCUyMTNtMiUyMTFzcHQtQlIlMjEyc2JyJTIxNHYxNTgzNzYxMjM4MTQ1JTIxNW0yJTIxMXNwdC1CUiUyMTJzYnIlMjIlMjB3aWR0aCUzRCUyMjQwMCUyMiUyMGhlaWdodCUzRCUyMjMwMCUyMiUyMGZyYW1lYm9yZGVyJTNEJTIyMCUyMiUyMHN0eWxlJTNEJTIyYm9yZGVyJTNBMCUzQiUyMiUyMGFsbG93ZnVsbHNjcmVlbiUzRCUyMiUyMiUzRSUzQyUyRmlmcmFtZSUzRQ==&#8221;][\/vc_column][\/vc_row]<\/p>\n","protected":false},"excerpt":{"rendered":"<p>[vc_row css_animation=&#8221;&#8221; row_type=&#8221;row&#8221; use_row_as_full_screen_section=&#8221;no&#8221; type=&#8221;full_width&#8221; angled_section=&#8221;no&#8221; text_align=&#8221;left&#8221; background_image_as_pattern=&#8221;without_pattern&#8221;][vc_column][vc_column_text css=&#8221;.vc_custom_1583757337033{margin-bottom: 30px !important;}&#8221;] Contato [\/vc_column_text][\/vc_column][\/vc_row][vc_row css_animation=&#8221;&#8221; row_type=&#8221;row&#8221; use_row_as_full_screen_section=&#8221;no&#8221; type=&#8221;grid&#8221; angled_section=&#8221;no&#8221; text_align=&#8221;left&#8221; background_image_as_pattern=&#8221;without_pattern&#8221; z_index=&#8221;&#8221; background_color=&#8221;#e0e0e0&#8243; padding_top=&#8221;15&#8243; padding_bottom=&#8221;15&#8243; el_class=&#8221;.contat&#8221; css=&#8221;.vc_custom_1586801741410{margin-bottom: 5px !important;}&#8221;][vc_column width=&#8221;1\/2&#8243;][vc_column_text] Preencha o formul\u00e1rio abaixo: (Campos com * s\u00e3o obrigat\u00f3rios) [\/vc_column_text][\/vc_column][vc_column width=&#8221;1\/2&#8243;][vc_column_text css=&#8221;.vc_custom_1583761620084{margin-bottom: 15px !important;}&#8221;] Se preferir,&#8230;<\/p>\n","protected":false},"author":1,"featured_media":0,"parent":0,"menu_order":0,"comment_status":"closed","ping_status":"closed","template":"","meta":{"footnotes":""},"class_list":["post-10","page","type-page","status-publish","hentry"],"_links":{"self":[{"href":"https:\/\/lucenacontabilidade.com.br\/index.php?rest_route=\/wp\/v2\/pages\/10","targetHints":{"allow":["GET"]}}],"collection":[{"href":"https:\/\/lucenacontabilidade.com.br\/index.php?rest_route=\/wp\/v2\/pages"}],"about":[{"href":"https:\/\/lucenacontabilidade.com.br\/index.php?rest_route=\/wp\/v2\/types\/page"}],"author":[{"embeddable":true,"href":"https:\/\/lucenacontabilidade.com.br\/index.php?rest_route=\/wp\/v2\/users\/1"}],"replies":[{"embeddable":true,"href":"https:\/\/lucenacontabilidade.com.br\/index.php?rest_route=%2Fwp%2Fv2%2Fcomments&post=10"}],"version-history":[{"count":0,"href":"https:\/\/lucenacontabilidade.com.br\/index.php?rest_route=\/wp\/v2\/pages\/10\/revisions"}],"wp:attachment":[{"href":"https:\/\/lucenacontabilidade.com.br\/index.php?rest_route=%2Fwp%2Fv2%2Fmedia&parent=10"}],"curies":[{"name":"wp","href":"https:\/\/api.w.org\/{rel}","templated":true}]}}